{"id":1120,"date":"2020-03-27T15:06:36","date_gmt":"2020-03-27T14:06:36","guid":{"rendered":"http:\/\/www.petruschor.de\/?page_id=1120"},"modified":"2022-07-23T18:37:42","modified_gmt":"2022-07-23T17:37:42","slug":"leitung","status":"publish","type":"page","link":"https:\/\/www.petruschor.de\/?page_id=1120","title":{"rendered":"Leitung"},"content":{"rendered":"\n<figure class=\"wp-block-image size-full\"><a href=\"https:\/\/www.petruschor.de\/wp-content\/uploads\/2022\/07\/Tanja-Schmid2.jpg\"><img loading=\"lazy\" decoding=\"async\" width=\"600\" height=\"900\" src=\"https:\/\/www.petruschor.de\/wp-content\/uploads\/2022\/07\/Tanja-Schmid2.jpg\" alt=\"\" class=\"wp-image-1195\" srcset=\"https:\/\/www.petruschor.de\/wp-content\/uploads\/2022\/07\/Tanja-Schmid2.jpg 600w, https:\/\/www.petruschor.de\/wp-content\/uploads\/2022\/07\/Tanja-Schmid2-200x300.jpg 200w\" sizes=\"auto, (max-width: 600px) 100vw, 600px\" \/><\/a><\/figure>\n\n\n\n<p><em><strong>Tanja Schmid<\/strong><\/em>, geboren 1979 in Regensburg, begann ihre musikalische Ausbildung mit 12 Jahren, und legte mit 16 Jahren die C-Pr\u00fcfung f\u00fcr \u201eKirchenmusik im Nebenamt\u201c an der Hochschule f\u00fcr Kirchenmusik in Regensburg ab. \u00a0 \u00a0 \u00a0 \u00a0 \u00a0 \u00a0 \u00a0 \u00a0 \u00a0 \u00a0 \u00a0 \u00a0 \u00a0 \u00a0 \u00a0 \u00a0 \u00a0 \u00a0 \u00a0 \u00a0 \u00a0 \u00a0 \u00a0 \u00a0 \u00a0 \u00a0 \u00a0 \u00a0 \u00a0 \u00a0<\/p>\n\n\n\n<p>Nach dem Abitur studierte sie zun\u00e4chst Schulmusik f\u00fcr das Lehramt an Gymnasien an der Hochschule f\u00fcr Musik in W\u00fcrzburg mit dem Hauptfach Klavier.&nbsp; Nach dem 1. Staatsexamen folgte das Kirchenmusikstudium an der Hochschule f\u00fcr evangelische Kirchenmusik in Bayreuth, das sie mit dem A-Examen und dem Diplom Dirigieren mit Schwerpunkt Chorleitung abschloss.&nbsp; &nbsp; &nbsp; &nbsp; &nbsp; &nbsp;&nbsp;<\/p>\n\n\n\n<p>W\u00e4hrend ihrer Studienzeit bekam sie wichtige Impulse im Unterricht von Ernst Ueckermann, Prof. J\u00f6rg Straube, Prof. Karl Rathgeber, Thomas Rothert, Prof. Thorsten Laux oder in Kursen und Meisterkursen von Prof. Tomasz Adam Nowak, Prof. Peter Planyavsky, Prof. Michael Radulescu, Prof. Ewald Kooimann, Prof. Hans Haslb\u00f6ck, Thierry Escaich, Prof. Almut R\u00f6\u00dfler und Prof. Volker Hempfling.&nbsp; &nbsp; &nbsp; &nbsp; &nbsp;&nbsp;<\/p>\n\n\n\n<p>Nach einer Zwischenstation als Kantorin am M\u00fcnster Heilsbronn war Tanja Schmid neun Jahre lang als Kantorin der evangelischen Erl\u00f6serkirche in der Kneippstadt Bad W\u00f6rishofen t\u00e4tig, wo sie zusammen mit dem neu ins Leben gerufenen Projektchor und Orchester zahlreiche gro\u00dfe Chorwerke zur Auff\u00fchrung brachte, und eine musikalisch facettenreiche, immer wieder auch kammermusikalisch gepr\u00e4gte Motto-Konzertreihe ins Leben rief.&nbsp; &nbsp; &nbsp; &nbsp; &nbsp;<\/p>\n\n\n\n<p>Seit 2022 ist Tanja Schmid als Dekanatskantorin in Neu-Ulm und als Kantorin an der evangelischen Petruskirche t\u00e4tig.<\/p>\n\n\n\n<p><\/p>\n\n\n\n<p><\/p>\n\n\n\n<p><\/p>\n\n\n\n<p><\/p>\n\n\n\n<p><\/p>\n\n\n\n<p><\/p>\n\n\n\n<p><\/p>\n\n\n\n<p><\/p>\n\n\n\n<p><\/p>\n\n\n\n<p><\/p>\n\n\n\n<p><\/p>\n\n\n\n<p><\/p>\n\n\n\n<p><\/p>\n\n\n\n<p><\/p>\n\n\n\n<p><\/p>\n\n\n\n<p><\/p>\n\n\n\n<p><\/p>\n\n\n\n<p><\/p>\n\n\n\n<p><\/p>\n\n\n\n<p><\/p>\n\n\n\n<p><\/p>\n\n\n\n<p><\/p>\n\n\n\n<p><\/p>\n\n\n\n<p>&nbsp;&nbsp;&nbsp;&nbsp;&nbsp;&nbsp;&nbsp;&nbsp;&nbsp;&nbsp;&nbsp;&nbsp;&nbsp;&nbsp;&nbsp;&nbsp;&nbsp;&nbsp;&nbsp;&nbsp;&nbsp;&nbsp;&nbsp;&nbsp;&nbsp;&nbsp;&nbsp;&nbsp;&nbsp;&nbsp;&nbsp;&nbsp;&nbsp;&nbsp;&nbsp; <\/p>\n\n\n\n<p><\/p>\n\n\n\n<p>&nbsp;&nbsp;&nbsp;&nbsp;&nbsp;&nbsp;&nbsp;&nbsp;&nbsp;&nbsp;&nbsp;&nbsp;&nbsp;&nbsp;&nbsp;&nbsp;&nbsp;&nbsp;&nbsp;&nbsp;&nbsp;&nbsp;&nbsp;&nbsp;&nbsp;&nbsp;&nbsp;&nbsp;&nbsp;&nbsp;&nbsp;&nbsp;&nbsp;&nbsp;&nbsp; <\/p>\n","protected":false},"excerpt":{"rendered":"<p>Tanja Schmid, geboren 1979 in Regensburg, begann ihre musikalische Ausbildung mit 12 Jahren, und legte mit 16 Jahren die C-Pr\u00fcfung f\u00fcr \u201eKirchenmusik im Nebenamt\u201c an der Hochschule f\u00fcr Kirchenmusik in Regensburg ab. \u00a0 \u00a0 \u00a0 \u00a0 \u00a0 \u00a0 \u00a0 \u00a0 \u00a0 \u00a0 \u00a0 \u00a0 \u00a0 \u00a0 \u00a0 \u00a0 \u00a0 \u00a0 \u00a0 \u00a0 \u00a0 \u00a0 \u00a0 [&hellip;]<\/p>\n","protected":false},"author":1,"featured_media":0,"parent":0,"menu_order":0,"comment_status":"closed","ping_status":"closed","template":"","meta":{"footnotes":""},"class_list":["post-1120","page","type-page","status-publish","hentry","no-featured-image"],"_links":{"self":[{"href":"https:\/\/www.petruschor.de\/index.php?rest_route=\/wp\/v2\/pages\/1120","targetHints":{"allow":["GET"]}}],"collection":[{"href":"https:\/\/www.petruschor.de\/index.php?rest_route=\/wp\/v2\/pages"}],"about":[{"href":"https:\/\/www.petruschor.de\/index.php?rest_route=\/wp\/v2\/types\/page"}],"author":[{"embeddable":true,"href":"https:\/\/www.petruschor.de\/index.php?rest_route=\/wp\/v2\/users\/1"}],"replies":[{"embeddable":true,"href":"https:\/\/www.petruschor.de\/index.php?rest_route=%2Fwp%2Fv2%2Fcomments&post=1120"}],"version-history":[{"count":11,"href":"https:\/\/www.petruschor.de\/index.php?rest_route=\/wp\/v2\/pages\/1120\/revisions"}],"predecessor-version":[{"id":1196,"href":"https:\/\/www.petruschor.de\/index.php?rest_route=\/wp\/v2\/pages\/1120\/revisions\/1196"}],"wp:attachment":[{"href":"https:\/\/www.petruschor.de\/index.php?rest_route=%2Fwp%2Fv2%2Fmedia&parent=1120"}],"curies":[{"name":"wp","href":"https:\/\/api.w.org\/{rel}","templated":true}]}}