{"id":27,"date":"2014-12-06T00:30:14","date_gmt":"2014-12-05T23:30:14","guid":{"rendered":"http:\/\/www.petruschor.de\/?page_id=27"},"modified":"2015-10-21T09:49:13","modified_gmt":"2015-10-21T08:49:13","slug":"haydn-die-schoepfung","status":"publish","type":"page","link":"https:\/\/www.petruschor.de\/?page_id=27","title":{"rendered":"Haydn &#8211; Die Sch\u00f6pfung"},"content":{"rendered":"<h3>Der Sieg \u00fcber das Chaos &#8211; Kantor Oliver Scheffels begeistert mit der Auff\u00fchrung von Haydns Sch\u00f6pfung<\/h3>\n<p>Bereits im Januar begannen die Proben f\u00fcr die Auff\u00fchrung von Haydns Sch\u00f6pfung am 12. Oktober 2014. Ein Projektchor mit 103 S\u00e4ngern und S\u00e4ngerinnen aus Neu-Ulm und Leipheim unter dem Dirigat der Dekanatskantoren Oliver Scheffels und Johanna Larch arbeiteten \u00fcber Monate flei\u00dfig an den anspruchsvollen St\u00fccken. Doch die musikalische Arbeit war nur ein Teil der aufwendigen Vorbereitungen. Daneben hatte Scheffels noch allerhand organisatorische Fragen zu kl\u00e4ren:<\/p>\n<p>Solisten anfragen, das Ansbacher Kammerorchester gewinnen, Werbung und Kartenverkauf organisieren, Abl\u00e4ufe planen, Unterbringung der Solisten und Verpflegung der S\u00e4ngerInnen sicherstellen und die Petruskirche f\u00fcr die insgesamt 139 Chors\u00e4ngerInnen, Solisten MusikerInnen und ihre Instrumente vorbereiten. F\u00fcr letzteres musste eine 120 qm gro\u00dfe, nach hinten ansteigende B\u00fchne in den Chorraum der Petruskirche eingebaut und professionelle Beleuchtung installiert werden, wof\u00fcr Veranstaltungstechniker Benjamin \u0160imeg und 12 ehrenamtliche Helfer sorgten.<\/p>\n<p>Doch auch die beste Planung garantiert keinen reibungslosen Ablauf: Einen Tag vor der Auff\u00fchrung meldeten sich zwei der drei Solisten krank. Bewundernswert behielt Scheffels auch bei dieser Nachricht die Nerven und schaffte es noch am Samstag Abend, Ersatz f\u00fcr die Auff\u00fchrung am Sonntag zu finden.<\/p>\n<p>Letztendlich zahlten sich aber all diese Anstrengungen am Auff\u00fchrungstag dann voll und ganz aus: Bis zum letzten Moment wurden noch zus\u00e4tzliche St\u00fchle aufgestellt, doch der Platz reichte nicht f\u00fcr alle aus. Die Petruskirche war voll besetzt und das Publikum erwartete ein musikalischer Hochgenuss. Die S\u00e4nger und S\u00e4ngerinnen waren hochmotiviert und begeisterten mit ihrem Gesang, unterst\u00fctzt durch das erstklassige Ansbacher Kammerorchester. Die drei Solisten waren ebenfalls ein echter Ohrenschmau\u00df: Die Sopranistin Andrea Chudak sang den Engel Gabriel, die kurzfristig eingesprungenen M\u00e4nnerstimmen, Bass Eric Fergusson und Tenor Markus Zeitler als Engel Raphael und Uriel beeindruckten nicht weniger. Entsprechend begeistert war das Publikum am Ende der Auff\u00fchrung. Die Mitwirkenden, auch die zahlreichen Helfer beim Auf- und Abbau, an den Kassen und beim Catering f\u00fcr die Musiker, k\u00f6nnen stolz auf ihre Leistung sein. Besonderes Lob geb\u00fchrt aber nat\u00fcrlich Kantor Oliver Scheffels. Mit gro\u00dfer Leidenschaft f\u00fcr die Musik behielt er bei allen drohenden Hindernissen gute Nerven und besiegte letztendlich das Chaos mit Dirigentenstab und Zeigefinger.<\/p>\n<h3>Weitere Links<\/h3>\n<ul>\n<li><em>Kritik S\u00fcdwestpresse: <a href=\"http:\/\/www.swp.de\/ulm\/lokales\/ulm_neu_ulm\/Vollendet-ist-das-grosse-Werk;art4329,2844652\" target=\"_blank\">&#8222;Vollendet ist das gro\u00dfe Werk&#8220;<\/a><\/em><\/li>\n<li><em>Kritik Augsburger Allgemeine: <a href=\"http:\/\/www.augsburger-allgemeine.de\/neu-ulm\/Aus-dem-Chaos-entsteht-Harmonie-id31659382.html\" target=\"_blank\">Aus dem Chaos entsteht Harmonie<\/a><\/em><\/li>\n<li><em>Kritik Augsburger Allgemeine zum Konzert in Leipheim: <a href=\"http:\/\/www.augsburger-allgemeine.de\/guenzburg\/Die-Schoepfung-aus-100-Kehlen-id31766807.html\" target=\"_blank\">&#8222;Die Sch\u00f6pfung&#8220; aus 100 Kehlen<\/a><\/em><\/li>\n<\/ul>\n","protected":false},"excerpt":{"rendered":"<p>Der Sieg \u00fcber das Chaos &#8211; Kantor Oliver Scheffels begeistert mit der Auff\u00fchrung von Haydns Sch\u00f6pfung Bereits im Januar begannen die Proben f\u00fcr die Auff\u00fchrung von Haydns Sch\u00f6pfung am 12. Oktober 2014. Ein Projektchor mit 103 S\u00e4ngern und S\u00e4ngerinnen aus Neu-Ulm und Leipheim unter dem Dirigat der Dekanatskantoren Oliver Scheffels und Johanna Larch arbeiteten \u00fcber [&hellip;]<\/p>\n","protected":false},"author":1,"featured_media":0,"parent":25,"menu_order":0,"comment_status":"closed","ping_status":"open","template":"","meta":{"footnotes":""},"class_list":["post-27","page","type-page","status-publish","hentry","no-featured-image"],"_links":{"self":[{"href":"https:\/\/www.petruschor.de\/index.php?rest_route=\/wp\/v2\/pages\/27","targetHints":{"allow":["GET"]}}],"collection":[{"href":"https:\/\/www.petruschor.de\/index.php?rest_route=\/wp\/v2\/pages"}],"about":[{"href":"https:\/\/www.petruschor.de\/index.php?rest_route=\/wp\/v2\/types\/page"}],"author":[{"embeddable":true,"href":"https:\/\/www.petruschor.de\/index.php?rest_route=\/wp\/v2\/users\/1"}],"replies":[{"embeddable":true,"href":"https:\/\/www.petruschor.de\/index.php?rest_route=%2Fwp%2Fv2%2Fcomments&post=27"}],"version-history":[{"count":20,"href":"https:\/\/www.petruschor.de\/index.php?rest_route=\/wp\/v2\/pages\/27\/revisions"}],"predecessor-version":[{"id":573,"href":"https:\/\/www.petruschor.de\/index.php?rest_route=\/wp\/v2\/pages\/27\/revisions\/573"}],"up":[{"embeddable":true,"href":"https:\/\/www.petruschor.de\/index.php?rest_route=\/wp\/v2\/pages\/25"}],"wp:attachment":[{"href":"https:\/\/www.petruschor.de\/index.php?rest_route=%2Fwp%2Fv2%2Fmedia&parent=27"}],"curies":[{"name":"wp","href":"https:\/\/api.w.org\/{rel}","templated":true}]}}