{"id":281,"date":"2015-01-15T12:31:42","date_gmt":"2015-01-15T11:31:42","guid":{"rendered":"http:\/\/www.petruschor.de\/?page_id=281"},"modified":"2020-03-27T11:33:35","modified_gmt":"2020-03-27T10:33:35","slug":"historisches","status":"publish","type":"page","link":"https:\/\/www.petruschor.de\/?page_id=281","title":{"rendered":"Historisches"},"content":{"rendered":"<p>Einen Chor hat es in der Petrusgemeinde &#8211; mit kurzen Unterbrechungen &#8211; mindestens seit dem Ausgang des 19. Jahrhunderts gegeben. Die jeweiligen Chorleiter kann man der folgenden <a title=\"Kantorenliste\" href=\"http:\/\/www.petruschor.de\/wp-content\/uploads\/2015\/01\/Chronik-Petruskirche-Kantoren-u-Organisten.pdf\" target=\"_blank\" rel=\"noopener noreferrer\">Liste<\/a>, oder auch einem sch\u00f6n gestalteten <a href=\"http:\/\/www.petruschor.de\/wp-content\/uploads\/2015\/01\/A001-Stammbaumv.jpg\">Stammbaum<\/a> entnehmen. Unter diesen sind nat\u00fcrlich besonders die, bis jetzt drei, hauptamtlichen Kirchenmusiker <em>Hans-Joachim Pluskat, KMD Wolfgang G\u00fctinger<\/em> und <em>KMD<\/em> <em>Oliver Scheffels<\/em> zu nennen.<\/p>\n<p>In der Zeit von 1973 bis 2011 hat die <em>Kantorei der Petruskirche<\/em>, wie der Chor damals hie\u00df, eine ganze Reihe von anspruchsvollen Werken aufgef\u00fchrt. Ohne Anspruch auf Vollst\u00e4ndigkeit seien die wichtigsten hier genannt:<\/p>\n<table>\n<tbody>\n<tr>\n<td valign=\"top\">Sch\u00fctz: Matth\u00e4us-Passion (1976)<\/td>\n<\/tr>\n<tr>\n<td valign=\"top\">H\u00e4ndel: Messias (1977)<\/td>\n<\/tr>\n<tr>\n<td valign=\"top\">Bach: Weihnachtsoratorium (Teile 1-3: 1973, 1980, 1992, 1996, Teile 4-6: 1989)<\/td>\n<\/tr>\n<tr>\n<td valign=\"top\">Bach: Johannes-Passion (1988, 1994)<\/td>\n<\/tr>\n<tr>\n<td valign=\"top\">Mendelssohn: Paulus (1994)<\/td>\n<td valign=\"top\"><\/td>\n<\/tr>\n<tr>\n<td valign=\"top\">Mozart: Requiem (1997)<\/td>\n<td valign=\"top\"><\/td>\n<\/tr>\n<\/tbody>\n<\/table>\n<p>Die erste Zeit unter der Leitung von Oliver Scheffels hat bereits gezeigt, dass er diese Tradition gro\u00dfartiger Auff\u00fchrungen fortsetzt!<\/p>\n<p>Im Jahr 2002 hat der damalige Chorausschuss alle noch auffindbaren Unterlagen zur Geschichte des Chores und des Petrusorchesters zusammengetragen. Der umfangreiche Ordner und eine DVD mit diesen Dokumenten werden von den langj\u00e4hrigen Chormitgliedern Wolfgang Seybold und G\u00fcnter Mor\u00e9t hoffentlich noch lange aufbewahrt werden und sind auch im Dekanat hinterlegt. Einige Highlights aus dieser Sammlung findet man <a title=\"Bilder\" href=\"http:\/\/www.petruschor.de\/?page_id=361\">auf der Seite Bilder<\/a>.<\/p>\n<p>Aus dieser Dokumentensammlung stammt auch ein <a href=\"http:\/\/www.petruschor.de\/wp-content\/uploads\/2015\/01\/1984-01-Gedicht-Ein-Mensch-sitzt-tatenlos-daheim-GB.jpg\">Gedicht im Stile von Eugen Roth<\/a>, das in einem Gemeindebrief von 1984 erschien und dessen wahrer Autor nicht bekannt ist (vielleicht der damalige Dekan Diegritz?). Es kann auch heute noch der Werbung neuer S\u00e4ngerinnen und S\u00e4nger dienen. Seit damals hat sich zwar der Name des Chors und die Probenzeit ge\u00e4ndert, aber die Nachwuchsprobleme sind leider (noch?) die gleichen geblieben! Aufmerksame Beobachter k\u00f6nnen n\u00e4mlich <a title=\"Bilder\" href=\"http:\/\/www.petruschor.de\/?page_id=361\">auf den Bildern<\/a> feststellen dass, au\u00dfer auf dem \u00e4ltesten von 1928, einige Personen schon damals dabei waren und immer noch mitsingen! Wer erkennt sie?<\/p>\n","protected":false},"excerpt":{"rendered":"<p>Einen Chor hat es in der Petrusgemeinde &#8211; mit kurzen Unterbrechungen &#8211; mindestens seit dem Ausgang des 19. Jahrhunderts gegeben. Die jeweiligen Chorleiter kann man der folgenden Liste, oder auch einem sch\u00f6n gestalteten Stammbaum entnehmen. Unter diesen sind nat\u00fcrlich besonders die, bis jetzt drei, hauptamtlichen Kirchenmusiker Hans-Joachim Pluskat, KMD Wolfgang G\u00fctinger und KMD Oliver Scheffels [&hellip;]<\/p>\n","protected":false},"author":1,"featured_media":0,"parent":0,"menu_order":0,"comment_status":"closed","ping_status":"open","template":"","meta":{"footnotes":""},"class_list":["post-281","page","type-page","status-publish","hentry","no-featured-image"],"_links":{"self":[{"href":"https:\/\/www.petruschor.de\/index.php?rest_route=\/wp\/v2\/pages\/281","targetHints":{"allow":["GET"]}}],"collection":[{"href":"https:\/\/www.petruschor.de\/index.php?rest_route=\/wp\/v2\/pages"}],"about":[{"href":"https:\/\/www.petruschor.de\/index.php?rest_route=\/wp\/v2\/types\/page"}],"author":[{"embeddable":true,"href":"https:\/\/www.petruschor.de\/index.php?rest_route=\/wp\/v2\/users\/1"}],"replies":[{"embeddable":true,"href":"https:\/\/www.petruschor.de\/index.php?rest_route=%2Fwp%2Fv2%2Fcomments&post=281"}],"version-history":[{"count":61,"href":"https:\/\/www.petruschor.de\/index.php?rest_route=\/wp\/v2\/pages\/281\/revisions"}],"predecessor-version":[{"id":1110,"href":"https:\/\/www.petruschor.de\/index.php?rest_route=\/wp\/v2\/pages\/281\/revisions\/1110"}],"wp:attachment":[{"href":"https:\/\/www.petruschor.de\/index.php?rest_route=%2Fwp%2Fv2%2Fmedia&parent=281"}],"curies":[{"name":"wp","href":"https:\/\/api.w.org\/{rel}","templated":true}]}}