{"id":574,"date":"2015-10-22T08:21:28","date_gmt":"2015-10-22T07:21:28","guid":{"rendered":"http:\/\/www.petruschor.de\/?page_id=574"},"modified":"2015-10-22T09:17:15","modified_gmt":"2015-10-22T08:17:15","slug":"paulus-oratorium","status":"publish","type":"page","link":"https:\/\/www.petruschor.de\/?page_id=574","title":{"rendered":"Paulus-Oratorium"},"content":{"rendered":"<h3>Die Auff\u00fchrungen von Mendelssohns Werk begeistern ein gro\u00dfes Publikum<\/h3>\n<p><em>11. und 18. Oktober 2015<br \/>\nDreifaltigkeitskirche Kaufbeuren und Pauluskirche Ulm<br \/>\nFelix Mendelssohn Bartholdy: PAULUS<br \/>\nOratorium f\u00fcr Soli, Chor und Orchester op. 36<br \/>\nJohannes Mooser (Paulus, Bass)<br \/>\nAndrea Chudak (Sopran)<br \/>\nTheresa Holzhauser (Alt)<br \/>\nMarkus Zeitler (Tenor)<br \/>\nHannes Wahler (Bass)<br \/>\nKantorei der Dreifaltigkeitskirche Kaufbeuren, PetrusChor Neu-Ulm<br \/>\nKammerphilharmonie Bodensee-Oberschwaben<\/em><\/p>\n<p>Rund  100 S\u00e4nger und S\u00e4ngerinnen aus Neu-Ulm und Kaufbeuren unter dem Dirigat der Dekanatskantoren Oliver Scheffels und KMD Traugott Mayr hatten sich \u00fcber Monate gr\u00fcndlich auf diese Auff\u00fchrungen vorbereitet. In w\u00f6chentlichen getrennten Proben und insgesamt drei ganzt\u00e4gigen Treffen an Samstagen wurden die sehr anspruchsvollen Chors\u00e4tze des \u00fcber mehr als zwei Stunden gehenden Werkes von Felix Mendelssohn einstudiert und in zwei Konzerten in Kaufbeuren und bei uns aufgef\u00fchrt. <\/p>\n<p>In der Petruskirche h\u00e4tte der Raum f\u00fcr die zahlreichen Besucher wohl nicht ausgereicht, aber vor allem war in der Planungsphase nicht abzusehen, ob die Renovierungsarbeiten bis zum Konzert abgeschlossen sein w\u00fcrden. Daher fand die zweite Auff\u00fchrung in der Ulmer Pauluskirche statt, die wesentlich mehr Raum bietet, aber (wie fast immer bei solchen Veranstaltungen) trotz eigentlich sehr gutem Publikumszuspruch nicht ganz gef\u00fcllt war.<\/p>\n<p>Neben der k\u00fcnstlerischen Arbeit erfordern solche gro\u00dfen Konzerte auch gro\u00dfen organisatorischen Aufwand, den neben den verantwortlichen Leitern viele Ehrenamtliche erbringen m\u00fcssen. In Ulm und bei der anschlie\u00dfenden Nachfeier im Petrussaal waren das vor allem Mitglieder des Gospelchores, die bei der Aufstuhlung, als Platzanweiser und (in der drei\u00dfigmin\u00fctigen Konzertpause) als Getr\u00e4nkeverk\u00e4ufer im Einsatz waren. <strong>Daf\u00fcr vielen Dank!<\/strong> <\/p>\n<p><strong>Wie man aus dem enthusiastischen Beifall des Publikums und den angeh\u00e4ngten Zeitungskritiken schlie\u00dfen kann, hat sich der gro\u00dfe Einsatz der zahlreichen Mitwirkenden und insbesondere der beiden Chorleiter voll ausgezahlt!<\/strong> Wir S\u00e4nger freuen uns schon auf die n\u00e4chste gro\u00dfe Veranstaltung, nach derzeitigem Planungsstand die Mitwirkung beim <a href=\"http:\/\/www.tourismus.ulm.de\/web\/we-dokumente\/broschueren\/Kirchenmusik_Jahresprogramm_Webeversion_komprimiert.pdf\">Schw\u00f6rkonzert<\/a> im M\u00fcnster.<\/p>\n<p>Zeitungskritiken:<br \/>\n<a href=\"http:\/\/www.petruschor.de\/wp-content\/uploads\/2015\/10\/Kritik-Paulus-Kaufbeuren.pdf\">Allg\u00e4uer Zeitung<\/a>, <a href=\"http:\/\/www.swp.de\/ulm\/lokales\/ulm_neu_ulm\/Grossaufgebot-in-der-Ulmer-Pauluskirche;art4329,3489826\">S\u00fcdwestpresse Ulm<\/a>, <a href=\"http:\/\/www.augsburger-allgemeine.de\/neu-ulm\/Petrus-trifft-Paulus-id35838077.html\">Augsburger Allgemeine<\/a><\/p>\n","protected":false},"excerpt":{"rendered":"<p>Die Auff\u00fchrungen von Mendelssohns Werk begeistern ein gro\u00dfes Publikum 11. und 18. Oktober 2015 Dreifaltigkeitskirche Kaufbeuren und Pauluskirche Ulm Felix Mendelssohn Bartholdy: PAULUS Oratorium f\u00fcr Soli, Chor und Orchester op. 36 Johannes Mooser (Paulus, Bass) Andrea Chudak (Sopran) Theresa Holzhauser (Alt) Markus Zeitler (Tenor) Hannes Wahler (Bass) Kantorei der Dreifaltigkeitskirche Kaufbeuren, PetrusChor Neu-Ulm Kammerphilharmonie Bodensee-Oberschwaben [&hellip;]<\/p>\n","protected":false},"author":1,"featured_media":0,"parent":25,"menu_order":0,"comment_status":"closed","ping_status":"closed","template":"","meta":{"footnotes":""},"class_list":["post-574","page","type-page","status-publish","hentry","no-featured-image"],"_links":{"self":[{"href":"https:\/\/www.petruschor.de\/index.php?rest_route=\/wp\/v2\/pages\/574","targetHints":{"allow":["GET"]}}],"collection":[{"href":"https:\/\/www.petruschor.de\/index.php?rest_route=\/wp\/v2\/pages"}],"about":[{"href":"https:\/\/www.petruschor.de\/index.php?rest_route=\/wp\/v2\/types\/page"}],"author":[{"embeddable":true,"href":"https:\/\/www.petruschor.de\/index.php?rest_route=\/wp\/v2\/users\/1"}],"replies":[{"embeddable":true,"href":"https:\/\/www.petruschor.de\/index.php?rest_route=%2Fwp%2Fv2%2Fcomments&post=574"}],"version-history":[{"count":21,"href":"https:\/\/www.petruschor.de\/index.php?rest_route=\/wp\/v2\/pages\/574\/revisions"}],"predecessor-version":[{"id":596,"href":"https:\/\/www.petruschor.de\/index.php?rest_route=\/wp\/v2\/pages\/574\/revisions\/596"}],"up":[{"embeddable":true,"href":"https:\/\/www.petruschor.de\/index.php?rest_route=\/wp\/v2\/pages\/25"}],"wp:attachment":[{"href":"https:\/\/www.petruschor.de\/index.php?rest_route=%2Fwp%2Fv2%2Fmedia&parent=574"}],"curies":[{"name":"wp","href":"https:\/\/api.w.org\/{rel}","templated":true}]}}